{"id":8,"date":"2016-07-17T14:49:27","date_gmt":"2016-07-17T14:49:27","guid":{"rendered":"http:\/\/waldhaus-woerth.de\/?page_id=8"},"modified":"2019-01-14T10:09:38","modified_gmt":"2019-01-14T10:09:38","slug":"datenschutz","status":"publish","type":"page","link":"https:\/\/waldhaus-woerth.de\/?page_id=8","title":{"rendered":"Datenschutzerkl\u00e4rung"},"content":{"rendered":"<div class=\"cnt_paragraph\">\n<p class=\"usr_fonttext01\">Die Nutzung unserer Webseite ist in der Regel ohne Angabe personenbezogener Daten m\u00f6glich. Soweit auf unseren Seiten personenbezogene Daten (beispielsweise Name, Anschrift oder eMail-Adressen) erhoben werden, erfolgt dies, soweit m\u00f6glich, stets auf freiwilliger Basis. Diese Daten werden ohne Ihre ausdr\u00fcckliche Zustimmung nicht an Dritte weitergegeben.<\/p>\n<p>F\u00fcr diesen Fall kommen wir hiermit unseren Informationspflichten gem. Art. 13 DSGVO nach und informieren Sie dar\u00fcber, dass wir zu gesch\u00e4ftlichen Zwecken (z.B. Angebotserstellung, Beratung, Auftragsabwicklung, Rechnungserstellung, Erf\u00fcllung gesetzlicher Aufbewahrungsfristen, ordentlicher Buchf\u00fchrung) im Sinne des \u00a7 251 BGB und Art. 6 Abs. 1 b DSGVO, die uns von Ihnen mitgeteilten Kontaktdaten gespeichert haben (Z.B. Name, Vorname, Telefonnummern, E-Mail-Adresse, Anschrift).<\/p>\n<p>Verantwortlicher beim&nbsp;Waldhaus Diana, W\u00f6rth am Main:<br \/>\nOliver Engel<br \/>\nRh\u00f6nstr. 5<br \/>\n64750 L\u00fctzelbach<\/p>\n<p>Empf\u00e4nger Ihrer Daten sind ggf. Unternehmen, die uns bei der Durchf\u00fchrung und Abwicklung unserer gesch\u00e4ftlichen Transaktionen unterst\u00fctzen (z.B. Banken, Transportdienstleister, Zulieferer).<br \/>\nDie Dauer der Speicherung Ihre Daten h\u00e4ngt von der Dauer der Gesch\u00e4ftsbeziehung und von den gesetzlichen und steuerlichen Aufbewahrungsfristen gem. HGB \u00a7\u00a7 238 und 257 und AO \u00a7 147 ab.<\/p>\n<p>Sie haben jederzeit das Recht auf (im Hinblick auf die \u00fcber Sie gespeicherten personenbezogenen Daten):<\/p>\n<ul>\n<li>Auskunft (Art. 15 DSGVO)<\/li>\n<li>Berichtigung unrichtiger Daten (Art. 16 DSGVO)<\/li>\n<li>L\u00f6schung \u201eVergessenwerden\u201c (Art. 17 DSGVO)<\/li>\n<li>Einschr\u00e4nkung der Verarbeitung (Art. 18 DSGVO)<\/li>\n<li>Widerspruch (Art. 21 DSGVO)<\/li>\n<li>Daten\u00fcbertragung (Art. 20 DSGVO)<\/li>\n<li>Beschwerde bei einer Aufsichtsbeh\u00f6rde (Art. 77 DSGVO)<\/li>\n<\/ul>\n<p>F\u00fcr die Erbringung unserer Leistungen sind die Erhebung, Speicherung und Verarbeitung Ihrer uns \u00fcberlassenen personenbezogenen Daten erforderlich. Falls Sie von Ihrem Recht auf L\u00f6schung, Einschr\u00e4nkung der Verarbeitung oder Widerspruch gegen die Verarbeitung Ihrer personenbezogenen Daten Gebrauch machen, k\u00f6nnen wir die gew\u00fcnschten Leistungen nicht mehr erbringen.<\/p>\n<p class=\"usr_fonttext01\">Wir weisen darauf hin, dass die Daten\u00fcbertragung im Internet (z.B. bei der Kommunikation per E-Mail) Sicherheitsl\u00fccken aufweisen kann. Ein l\u00fcckenloser Schutz der Daten vor dem Zugriff durch Dritte ist nicht m\u00f6glich. Der Nutzung von im Rahmen der Impressumspflicht ver\u00f6ffentlichten Kontaktdaten durch Dritte zur \u00dcbersendung von nicht ausdr\u00fccklich angeforderter Werbung und Informationsmaterialien wird hiermit ausdr\u00fccklich widersprochen. Die Betreiber der Seiten behalten sich ausdr\u00fccklich rechtliche Schritte im Falle der unverlangten Zusendung von Werbeinformationen, etwa durch Spam-Mail s, vor.<\/p>\n<p><strong>Log-Files<\/strong><\/p>\n<p>Beim Zugriff auf unserer Webseite werden folgende Informationen durch den benutzten Internetbrowser Ihres Endger\u00e4tes an den Server unseres Web-Providers gesendet:<\/p>\n<p>\u2022 verwendeter Browser (Sprache und Version)<br \/>\n\u2022 Zeitangaben (Datum\/Uhrzeit der Anfrage)<br \/>\n\u2022 IP-Adresse<br \/>\n\u2022 besuchte Seiten<br \/>\n\u2022 Ausgangs-Webseite<br \/>\n\u2022 \u00fcbertragene Datenmenge<br \/>\n\u2022 Betriebssystem<\/p>\n<p>Die Daten werden tempor\u00e4r im System unseres Web-Providers gespeichert.<br \/>\nRechtsgrundlage f\u00fcr die Speicherung der Daten ist Art. 6 Abs. 1 lit. f DSGVO.<\/p>\n<p>Die zeitweise Speicherung der IP-Adresse durch das System ist notwendig, um eine Auslieferung der Webseite an den Rechner des Nutzers zu erm\u00f6glichen. F\u00fcr die Dauer des Besuches auf unserer Webseite muss die IP-Adresse des Nutzers gespeichert werden.<\/p>\n<p>Die Aufzeichnung erfolgt zur internen Auswertung unseres Angebotes, zur Optimierung der Anzeige unserer Webseite und zur Identifizierung und Abwehr missbr\u00e4uchlicher Nutzung.<\/p>\n<p>Ein Abgleich oder eine Zusammenf\u00fchrung der erhobenen Daten mit anderen Datenquellen wird nicht durchgef\u00fchrt. Der direkte R\u00fcckschluss auf Ihre Identit\u00e4t ist nicht m\u00f6glich und von uns auch nicht vorgesehen.<\/p>\n<p>Sobald die Daten f\u00fcr die Erreichung des Zweckes der Erhebung nicht mehr ben\u00f6tigt werden, werden diese gel\u00f6scht. Die L\u00f6schfristen richten sich nach der Erforderlichkeit.<\/p>\n<p>Die Daten, die wir zur Bereitstellung der Website erfassen und die Speicherung der Daten in den Log-Dateien unseres Web-Providers ist f\u00fcr die Nutzung unserer Webseiten unvermeidlich. Es besteht daher seitens des Besuchers der Webseiten keine Widerspruchsm\u00f6glichkeit.<\/p>\n<p><strong class=\"usr_fonttext02\">Datenschutzerkl\u00e4rung f\u00fcr die Nutzung von Facebook-Plugins (Like-Button)<\/strong><\/p>\n<p class=\"usr_fonttext01\">Auf unseren Seiten sind Plugins des sozialen Netzwerks Facebook (Facebook Inc., 1601 Willow Road, Menlo Park, California, 94025, USA) integriert. Die Facebook-Plugins erkennen Sie an dem Facebook-Logo oder dem &#8218;Like-Button&#8216; (&#8218;Gef\u00e4llt mir&#8216;) auf unserer Seite. Eine \u00dcbersicht \u00fcber die Facebook-Plugins finden Sie hier: <a href=\"http:\/\/developers.facebook.com\/docs\/plugins\/\" target=\"_blank\" rel=\"noopener\">http:\/\/developers.facebook.com\/docs\/plugins\/<\/a> .<\/p>\n<p class=\"usr_fonttext01\">Wenn Sie unsere Seiten besuchen, wird \u00fcber das Plugin eine direkte Verbindung zwischen Ihrem Browser und dem Facebook-Server hergestellt. Facebook erh\u00e4lt dadurch die Information, dass Sie mit Ihrer IP-Adresse unsere Seite besucht haben. Wenn Sie den Facebook &#8218;Like-Button&#8216; anklicken w\u00e4hrend Sie in Ihrem Facebook-Account eingeloggt sind, k\u00f6nnen Sie die Inhalte unserer Seiten auf Ihrem Facebook-Profil verlinken. Dadurch kann Facebook den Besuch unserer S eiten Ihrem Benutzerkonto zuordnen. Wir weisen darauf hin, dass wir als Anbieter der Seiten keine Kenntnis vom Inhalt der \u00fcbermittelten Daten sowie deren Nutzung durch Facebook erhalten. Weitere Informationen hierzu finden Sie in der Datenschutzerkl\u00e4rung von facebook unter <a href=\"http:\/\/de-de.facebook.com\/policy.php\" target=\"_blank\" rel=\"noopener\">http:\/\/de-de.facebook.com\/policy.php<\/a><\/p>\n<p class=\"usr_fonttext01\">Wenn Sie nicht w\u00fcnschen, dass Facebook den Besuch unserer Seiten Ihrem Facebook-Nutzerkonto zuordnen kann, loggen Sie sich bitte aus Ihrem Facebook-Benutzerkonto aus.<\/p>\n<p>&nbsp;<\/p>\n<p><strong class=\"usr_fonttext02\">Datenschutzerkl\u00e4rung f\u00fcr die Nutzung von Google Analytics<\/strong><\/p>\n<p class=\"usr_fonttext01\">Diese Website benutzt Google Analytics, einen Webanalysedienst der Google Inc. (&#8218;Google&#8216;). Google Analytics verwendet sog. &#8218;Cookies&#8216;, Textdateien, die auf Ihrem Computer gespeichert werden und die eine Analyse der Benutzung der Website durch Sie erm\u00f6glichen. Die durch den Cookie erzeugten Informationen \u00fcber Ihre Benutzung dieser Website werden in der Regel an einen Server von Google in den USA \u00fcbertragen und dort gespeichert. Im Falle der Aktivierung der IP-Anonymisierung auf dieser Webseite wird Ihre IP-Adresse von Google jedoch innerhalb von Mitgliedstaaten der Europ\u00e4ischen Union oder in anderen Vertragsstaaten des Abkommens \u00fcber den Europ\u00e4ischen Wirtschaftsraum zuvor gek\u00fcrzt.<\/p>\n<p class=\"usr_fonttext01\">Nur in Ausnahmef\u00e4llen wird die volle IP-Adresse an einen Server von Google in den USA \u00fcbertragen und dort gek\u00fcrzt. Im Auftrag des Betreibers dieser Website wird Google diese Informationen benutzen, um Ihre Nutzung der Website auszuwerten, um Reports \u00fcber die Websiteaktivit\u00e4ten zusammenzustellen und um weitere mit der Websitenutzung und der Internetnutzung verbundene Dienstleistungen gegen\u00fcber dem Websitebetreiber zu erbringen. Die im Rahmen von Google Analytics von Ihrem Browser \u00fcbermittelte IP-Adresse wird nicht mit anderen Daten von Google zusammengef\u00fchrt.<\/p>\n<p class=\"usr_fonttext01\">Sie k\u00f6nnen die Speicherung der Cookies durch eine entsprechende Einstellung Ihrer Browser-Software verhindern; wir weisen Sie jedoch darauf hin, dass Sie in diesem Fall gegebenenfalls nicht s\u00e4mtliche Funktionen dieser Website vollumf\u00e4nglich werden nutzen k\u00f6nnen. Sie k\u00f6nnen dar\u00fcber hinaus die Erfassung der durch das Cookie erzeugten und auf Ihre Nutzung der Website bezogenen Daten (inkl. Ihrer IP-Adresse) an Google sowie die Verarbeitung dieser Daten durch Google verhindern, indem sie das unter dem folgenden Link verf\u00fcgbare Browser-Plugin herunterladen und installieren: <a href=\"http:\/\/tools.google.com\/dlpage\/gaoptout?hl=de\">http:\/\/tool s.google.com\/dlpage\/gaoptout?hl=de<\/a> .<\/p>\n<p>&nbsp;<\/p>\n<p><strong class=\"usr_fonttext02\">Datenschutzerkl\u00e4rung f\u00fcr die Nutzung von Google Adsense<\/strong><\/p>\n<p class=\"usr_fonttext01\">Diese Website benutzt Google AdSense, einen Dienst zum Einbinden von Werbeanzeigen der Google Inc. (&#8218;Google&#8216;). Google AdSense verwendet sog. &#8218;Cookies&#8216;, Textdateien, die auf Ihrem Computer gespeichert werden und die eine Analyse der Benutzung der Website erm\u00f6glicht. Google AdSense verwendet auch so genannte Web Beacons (unsichtbare Grafiken). Durch diese Web Beacons k\u00f6nnen Informationen wie der Besucherverkehr auf diesen Seiten ausgewertet werden.<\/p>\n<p class=\"usr_fonttext01\">Die durch Cookies und Web Beacons erzeugten Informationen \u00fcber die Benutzung dieser Website (einschlie\u00dflich Ihrer IP-Adresse) und Auslieferung von Werbeformaten werden an einen Server von Google in den USA \u00fcbertragen und dort gespeichert. Diese Informationen k\u00f6nnen von Google an Vertragspartner von Google weiter gegeben werden. Google wird Ihre IP-Adresse jedoch nicht mit anderen von Ihnen gespeicherten Daten zusammenf\u00fchren.<\/p>\n<p class=\"usr_fonttext01\">Sie k\u00f6nnen die Installation der Cookies durch eine entsprechende Einstellung Ihrer Browser Software verhindern; wir weisen Sie jedoch darauf hin, dass Sie in diesem Fall gegebenenfalls nicht s\u00e4mtliche Funktionen dieser Website voll umf\u00e4nglich nutzen k\u00f6nnen. Durch die Nutzung dieser Website erkl\u00e4ren Sie sich mit der Bearbeitung der \u00fcber Sie erhobenen Daten durch Google in der zuvor beschriebenen Art und Weise und zu dem zuvor benannten Zweck einverstanden.<\/p>\n<p>&nbsp;<\/p>\n<p><strong class=\"usr_fonttext02\">Datenschutzerkl\u00e4rung f\u00fcr die Nutzung von Google +1<\/strong><\/p>\n<p class=\"usr_fonttext01\"><i class=\"usr_fonttext01\">Erfassung und Weitergabe von Informationen:<\/i><br \/>\nMithilfe der Google +1-Schaltfl\u00e4che k\u00f6nnen Sie Informationen weltweit ver\u00f6ffentlichen. \u00fcber die Google +1-Schaltfl\u00e4che erhalten Sie und andere Nutzer personalisierte Inhalte von Google und unseren Partnern. Google speichert sowohl die Information, dass Sie f\u00fcr einen Inhalt +1 gegeben haben, als auch Informationen \u00fcber die Seite, die Sie beim Klicken auf +1 angesehen haben. Ihre +1 k\u00f6nnen als Hinweise zusammen mit Ihrem Profilnamen und Ihrem Foto in Google-Diensten, wie etwa in Suchergebnissen oder in Ihrem Google-Profil, oder an anderen Stellen auf Websites und Anzeigen im Internet eingeblendet werden.<br \/>\nGoogle zeichnet Informationen \u00fcber Ihre +1-Aktivit\u00e4ten auf, um die Google-Dienste f\u00fcr Sie und andere zu verbessern. Um die Google +1-Schaltfl\u00e4che verwenden zu k\u00f6nnen, ben\u00f6tigen Sie ein weltweit sichtbares, \u00f6ffentliches Google-Profil, das zumindest den f\u00fcr das Profil gew\u00e4hlten Namen enthalten muss. Dieser Name wird in allen Google-Diensten verwendet. In manchen F\u00e4llen kann dieser Name auch einen anderen Namen ersetzen, den Sie beim Teilen von Inhalten \u00fcber Ihr Google-Konto verwendet haben. Die Identit\u00e4t Ihres Google-Profils kann Nutzern angezeigt werden, die Ihre E-Mail-Adresse kennen oder \u00fcber andere identifizierende Informationen von Ihnen verf\u00fcgen.<\/p>\n<p><i>Verwendung der erfassten Informationen:<\/i><br \/>\nNeben den oben erl\u00e4uterten Verwendungszwecken werden die von Ihnen bereitgestellten Informationen gem\u00e4\u00df den geltenden Google-Datenschutzbestimmungen genutzt. Google ver\u00f6ffentlicht m\u00f6glicherweise zusammengefasste Statistiken \u00fcber die +1-Aktivit\u00e4ten der Nutzer bzw. gibt diese an Nutzer und Partner weiter, wie etwa Publisher, Inserenten oder verbundene Websites.<\/p>\n<p>&nbsp;<\/p>\n<p><strong class=\"usr_fonttext02\">Datenschutzerkl\u00e4rung f\u00fcr die Nutzung von Twitter<\/strong><\/p>\n<p class=\"usr_fonttext01\">Auf unseren Seiten sind Funktionen des Dienstes Twitter eingebunden. Diese Funktionen werden angeboten durch die Twitter Inc., Twitter, Inc. 1355 Market St, Suite 900, San Francisco, CA 94103, USA. Durch das Benutzen von Twitter und der Funktion &#8218;Re-Tweet&#8216; werden die von Ihnen besuchten Webseiten mit Ihrem Twitter-Account verkn\u00fcpft und anderen Nutzern bekannt gegeben. Dabei werden auch Daten an Twitter \u00fcbertragen.<\/p>\n<p class=\"usr_fonttext01\">Wir weisen darauf hin, dass wir als Anbieter der Seiten keine Kenntnis vom Inhalt der \u00fcbermittelten Daten sowie deren Nutzung durch Twitter erhalten. Weitere Informationen hierzu finden Sie in der Datenschutzerkl\u00e4rung von Twitter unter <a href=\"http:\/\/twitter.com\/privacy\" target=\"_blank\" rel=\"noopener\">http:\/\/twitter.com\/privacy<\/a> .<\/p>\n<p class=\"usr_fonttext01\">Ihre Datenschutzeinstellungen bei Twitter k\u00f6nnen Sie in den Konto-Einstellungen unter <a href=\"http:\/\/twitter.com\/account\/settings\" target=\"_blank\" rel=\"noopener\">http:\/\/twitter.com\/ac count\/settings<\/a> \u00e4ndern.<\/p>\n<p><i class=\"usr_fonttext01\">Quellenangaben: <a href=\"http:\/\/www.e-recht24.de\/muster-datenschutzerklaerung.html\" target=\"_blank\" rel=\"nofollow noopener\">Datenschutzerkl\u00e4rung<\/a> von eRecht24, dem Portal zum Internetrecht von Rechtsanwalt S\u00f6ren Siebert, <a href=\"http:\/\/www.e-recht24.de\/artikel\/datenschutz\/6590-facebook-like-button-datenschutz-disclaimer.html\" target=\"_blank\" rel=\"nofollow noopener\">Facebook Datenschutzerkl\u00e4rung<\/a> , <a href=\"http:\/\/www.google.com\/intl\/de\/analytics\/privacyoverview.html\" target=\"_blank\" rel=\"nofollow noopener\">Datenschutzerkl\u00e4rung f\u00fcr Google Analytics<\/a> , <a href=\"http:\/\/www.e-recht24.de\/artikel\/datenschutz\/6635-datenschutz-rechtliche-risiken-bei-der-nutzung-von-google-analytics-und-googleadsense.html\" target=\"_blank\" rel=\"nofollow noopener\">Google Adsense Haftungsausschluss<\/a> , <a href=\"http:\/\/www.google.com\/intl\/de\/+\/policy\/+1button.html\" target=\"_blank\" rel=\"nofollow noopener\">Google +1 Bedingungen<\/a> , <a href=\"http:\/\/twitter.com\/privacy\" target=\"_blank\" rel=\"nofollow noopener\">Datenschutzerkl\u00e4rung Twitter<\/a> <\/i><\/p>\n<\/div>\n","protected":false},"excerpt":{"rendered":"<p>Die Nutzung unserer Webseite ist in der Regel ohne Angabe personenbezogener Daten m\u00f6glich. Soweit auf unseren Seiten personenbezogene Daten (beispielsweise Name, Anschrift oder eMail-Adressen) erhoben werden, erfolgt dies, soweit m\u00f6glich, stets auf freiwilliger Basis. Diese Daten werden ohne Ihre ausdr\u00fcckliche Zustimmung nicht an Dritte weitergegeben. F\u00fcr diesen Fall kommen wir hiermit unseren Informationspflichten gem. Art. [&hellip;]<\/p>\n","protected":false},"author":2,"featured_media":0,"parent":0,"menu_order":0,"comment_status":"closed","ping_status":"closed","template":"","meta":{"footnotes":""},"class_list":["post-8","page","type-page","status-publish","hentry","post-preview"],"_links":{"self":[{"href":"https:\/\/waldhaus-woerth.de\/index.php?rest_route=\/wp\/v2\/pages\/8","targetHints":{"allow":["GET"]}}],"collection":[{"href":"https:\/\/waldhaus-woerth.de\/index.php?rest_route=\/wp\/v2\/pages"}],"about":[{"href":"https:\/\/waldhaus-woerth.de\/index.php?rest_route=\/wp\/v2\/types\/page"}],"author":[{"embeddable":true,"href":"https:\/\/waldhaus-woerth.de\/index.php?rest_route=\/wp\/v2\/users\/2"}],"replies":[{"embeddable":true,"href":"https:\/\/waldhaus-woerth.de\/index.php?rest_route=%2Fwp%2Fv2%2Fcomments&post=8"}],"version-history":[{"count":6,"href":"https:\/\/waldhaus-woerth.de\/index.php?rest_route=\/wp\/v2\/pages\/8\/revisions"}],"predecessor-version":[{"id":154,"href":"https:\/\/waldhaus-woerth.de\/index.php?rest_route=\/wp\/v2\/pages\/8\/revisions\/154"}],"wp:attachment":[{"href":"https:\/\/waldhaus-woerth.de\/index.php?rest_route=%2Fwp%2Fv2%2Fmedia&parent=8"}],"curies":[{"name":"wp","href":"https:\/\/api.w.org\/{rel}","templated":true}]}}