{"id":12,"date":"2016-07-17T14:51:45","date_gmt":"2016-07-17T14:51:45","guid":{"rendered":"http:\/\/waldhaus-woerth.de\/?page_id=12"},"modified":"2025-02-24T19:33:49","modified_gmt":"2025-02-24T19:33:49","slug":"weg","status":"publish","type":"page","link":"https:\/\/waldhaus-woerth.de\/?page_id=12","title":{"rendered":"Weg"},"content":{"rendered":"<p>F\u00fcr <strong>Wanderer<\/strong> gut zu erreichen!<\/p>\n<p>Das Waldhaus befindet sich direkt am Ortsrand von W\u00f6rth am Main und ist auch mit dem <strong>PKW<\/strong> gut zu erreichen.<\/p>\n<p>Fahren Sie dazu bitte, W\u00f6rth kommend die Bergstra\u00dfe immer weiter.<img loading=\"lazy\" decoding=\"async\" class=\"alignright size-medium wp-image-34\" src=\"https:\/\/waldhaus-woerth.de\/wp-content\/uploads\/2016\/07\/20160710_172400-300x169.jpg\" alt=\"\u00d6ffnungszeiten\" width=\"300\" height=\"169\" srcset=\"https:\/\/waldhaus-woerth.de\/wp-content\/uploads\/2016\/07\/20160710_172400-300x169.jpg 300w, https:\/\/waldhaus-woerth.de\/wp-content\/uploads\/2016\/07\/20160710_172400-768x432.jpg 768w, https:\/\/waldhaus-woerth.de\/wp-content\/uploads\/2016\/07\/20160710_172400-1024x576.jpg 1024w, https:\/\/waldhaus-woerth.de\/wp-content\/uploads\/2016\/07\/20160710_172400-676x380.jpg 676w\" sizes=\"auto, (max-width: 300px) 100vw, 300px\" \/><\/p>\n<p><b>Durch das Firmengel\u00e4nde von Diephaus, in Richtung Sch\u00fctzenhaus und weiter zu unserem Waldhaus Diana.<\/b><\/p>\n<p>&#8222;Waldhaus Diana W\u00f6rth am Main&#8220; funktioniert bei f\u00fchrenden Navi&#8230;<\/p>\n","protected":false},"excerpt":{"rendered":"<p>F\u00fcr Wanderer gut zu erreichen! Das Waldhaus befindet sich direkt am Ortsrand von W\u00f6rth am Main und ist auch mit dem PKW gut zu erreichen. Fahren Sie dazu bitte, W\u00f6rth kommend die Bergstra\u00dfe immer weiter. Durch das Firmengel\u00e4nde von Diephaus, in Richtung Sch\u00fctzenhaus und weiter zu unserem Waldhaus Diana. &#8222;Waldhaus Diana W\u00f6rth am Main&#8220; funktioniert [&hellip;]<\/p>\n","protected":false},"author":2,"featured_media":0,"parent":0,"menu_order":0,"comment_status":"closed","ping_status":"closed","template":"","meta":{"footnotes":""},"class_list":["post-12","page","type-page","status-publish","hentry","post-preview"],"_links":{"self":[{"href":"https:\/\/waldhaus-woerth.de\/index.php?rest_route=\/wp\/v2\/pages\/12","targetHints":{"allow":["GET"]}}],"collection":[{"href":"https:\/\/waldhaus-woerth.de\/index.php?rest_route=\/wp\/v2\/pages"}],"about":[{"href":"https:\/\/waldhaus-woerth.de\/index.php?rest_route=\/wp\/v2\/types\/page"}],"author":[{"embeddable":true,"href":"https:\/\/waldhaus-woerth.de\/index.php?rest_route=\/wp\/v2\/users\/2"}],"replies":[{"embeddable":true,"href":"https:\/\/waldhaus-woerth.de\/index.php?rest_route=%2Fwp%2Fv2%2Fcomments&post=12"}],"version-history":[{"count":7,"href":"https:\/\/waldhaus-woerth.de\/index.php?rest_route=\/wp\/v2\/pages\/12\/revisions"}],"predecessor-version":[{"id":307,"href":"https:\/\/waldhaus-woerth.de\/index.php?rest_route=\/wp\/v2\/pages\/12\/revisions\/307"}],"wp:attachment":[{"href":"https:\/\/waldhaus-woerth.de\/index.php?rest_route=%2Fwp%2Fv2%2Fmedia&parent=12"}],"curies":[{"name":"wp","href":"https:\/\/api.w.org\/{rel}","templated":true}]}}